{"id":1469,"date":"2023-03-03T00:35:08","date_gmt":"2023-03-02T23:35:08","guid":{"rendered":"http:\/\/acropolishomes.pl\/?page_id=1469"},"modified":"2023-06-12T14:26:07","modified_gmt":"2023-06-12T12:26:07","slug":"pafos","status":"publish","type":"page","link":"https:\/\/acropolishomes.pl\/de\/immobilienangebote\/zypern-immobilien\/paphos\/","title":{"rendered":"Paphos Immobilien"},"content":{"rendered":"<div data-elementor-type=\"wp-page\" data-elementor-id=\"1469\" class=\"elementor elementor-1469\" data-elementor-post-type=\"page\">\n\t\t\t\t<div class=\"elementor-element elementor-element-7e4bd27 e-flex e-con-boxed e-con e-parent\" data-id=\"7e4bd27\" data-element_type=\"container\" data-settings=\"{&quot;background_background&quot;:&quot;classic&quot;}\">\n\t\t\t\t\t<div class=\"e-con-inner\">\n\t\t<div class=\"elementor-element elementor-element-eee9daa e-con-full e-flex e-con e-child\" data-id=\"eee9daa\" data-element_type=\"container\">\n\t\t\t\t<div class=\"elementor-element elementor-element-75a5607 elementor-invisible elementor-widget elementor-widget-heading\" data-id=\"75a5607\" data-element_type=\"widget\" data-settings=\"{&quot;motion_fx_motion_fx_scrolling&quot;:&quot;yes&quot;,&quot;motion_fx_opacity_effect&quot;:&quot;yes&quot;,&quot;motion_fx_opacity_direction&quot;:&quot;in-out&quot;,&quot;motion_fx_opacity_range&quot;:{&quot;unit&quot;:&quot;%&quot;,&quot;size&quot;:&quot;&quot;,&quot;sizes&quot;:{&quot;start&quot;:80,&quot;end&quot;:100}},&quot;_animation&quot;:&quot;fadeIn&quot;,&quot;motion_fx_opacity_level&quot;:{&quot;unit&quot;:&quot;px&quot;,&quot;size&quot;:10,&quot;sizes&quot;:[]},&quot;motion_fx_devices&quot;:[&quot;desktop&quot;,&quot;tablet&quot;,&quot;mobile&quot;]}\" data-widget_type=\"heading.default\">\n\t\t\t\t\t<h1 class=\"elementor-heading-title elementor-size-default\">Paphos Immobilien<\/h1>\t\t\t\t<\/div>\n\t\t\t\t<\/div>\n\t\t\t\t\t<\/div>\n\t\t\t\t<\/div>\n\t\t<div class=\"elementor-element elementor-element-0938ed4 e-flex e-con-boxed e-con e-parent\" data-id=\"0938ed4\" data-element_type=\"container\" data-settings=\"{&quot;background_background&quot;:&quot;gradient&quot;}\">\n\t\t\t\t\t<div class=\"e-con-inner\">\n\t\t<div class=\"elementor-element elementor-element-fc59db9 e-con-full e-flex e-con e-child\" data-id=\"fc59db9\" data-element_type=\"container\">\n\t\t\t\t<div class=\"elementor-element elementor-element-de25423 elementor-grid-2 elementor-posts--align-center elementor-grid-tablet-2 elementor-grid-mobile-1 elementor-posts--thumbnail-top elementor-card-shadow-yes elementor-posts__hover-gradient load-more-align-center elementor-widget elementor-widget-posts\" data-id=\"de25423\" data-element_type=\"widget\" id=\"wszystkie\" data-settings=\"{&quot;cards_columns&quot;:&quot;2&quot;,&quot;cards_row_gap&quot;:{&quot;unit&quot;:&quot;px&quot;,&quot;size&quot;:10,&quot;sizes&quot;:[]},&quot;pagination_type&quot;:&quot;load_more_on_click&quot;,&quot;cards_columns_tablet&quot;:&quot;2&quot;,&quot;cards_columns_mobile&quot;:&quot;1&quot;,&quot;cards_row_gap_tablet&quot;:{&quot;unit&quot;:&quot;px&quot;,&quot;size&quot;:&quot;&quot;,&quot;sizes&quot;:[]},&quot;cards_row_gap_mobile&quot;:{&quot;unit&quot;:&quot;px&quot;,&quot;size&quot;:&quot;&quot;,&quot;sizes&quot;:[]},&quot;load_more_spinner&quot;:{&quot;value&quot;:&quot;fas fa-spinner&quot;,&quot;library&quot;:&quot;fa-solid&quot;}}\" data-widget_type=\"posts.cards\">\n\t\t\t\t<div class=\"elementor-widget-container\">\n\t\t\t\t\t\t\t<div class=\"elementor-posts-container elementor-posts elementor-posts--skin-cards elementor-grid\">\n\t\t\t\t<article class=\"elementor-post elementor-grid-item post-2549 post type-post status-publish format-standard has-post-thumbnail hentry category-cypr category-pafos\">\n\t\t\t<div class=\"elementor-post__card\">\n\t\t\t\t<a class=\"elementor-post__thumbnail__link\" href=\"https:\/\/acropolishomes.pl\/de\/zelemenos-village\/\" tabindex=\"-1\" ><div class=\"elementor-post__thumbnail\"><img fetchpriority=\"high\" decoding=\"async\" width=\"2560\" height=\"1805\" src=\"https:\/\/acropolishomes.pl\/wp-content\/uploads\/2023\/03\/Acropolis-Homes-Zelemenos-Village-Biuro-Nieruchomosci-Zdjecie-Nieruchomosci-Willa.webp\" class=\"attachment-full size-full wp-image-2548\" alt=\"Akropolis Homes - Zelemenos Village - Immobilienagentur - Immobilienfoto - Villa\" srcset=\"https:\/\/acropolishomes.pl\/wp-content\/uploads\/2023\/03\/Acropolis-Homes-Zelemenos-Village-Biuro-Nieruchomosci-Zdjecie-Nieruchomosci-Willa.webp 2560w, https:\/\/acropolishomes.pl\/wp-content\/uploads\/2023\/03\/Acropolis-Homes-Zelemenos-Village-Biuro-Nieruchomosci-Zdjecie-Nieruchomosci-Willa-300x212.webp 300w, https:\/\/acropolishomes.pl\/wp-content\/uploads\/2023\/03\/Acropolis-Homes-Zelemenos-Village-Biuro-Nieruchomosci-Zdjecie-Nieruchomosci-Willa-1024x722.webp 1024w, https:\/\/acropolishomes.pl\/wp-content\/uploads\/2023\/03\/Acropolis-Homes-Zelemenos-Village-Biuro-Nieruchomosci-Zdjecie-Nieruchomosci-Willa-768x542.webp 768w, https:\/\/acropolishomes.pl\/wp-content\/uploads\/2023\/03\/Acropolis-Homes-Zelemenos-Village-Biuro-Nieruchomosci-Zdjecie-Nieruchomosci-Willa-1536x1083.webp 1536w, https:\/\/acropolishomes.pl\/wp-content\/uploads\/2023\/03\/Acropolis-Homes-Zelemenos-Village-Biuro-Nieruchomosci-Zdjecie-Nieruchomosci-Willa-2048x1444.webp 2048w\" sizes=\"(max-width: 2560px) 100vw, 2560px\" \/><\/div><\/a>\n\t\t\t\t<div class=\"elementor-post__badge\">Zypern<\/div>\n\t\t\t\t<div class=\"elementor-post__text\">\n\t\t\t\t<h4 class=\"elementor-post__title\">\n\t\t\t<a href=\"https:\/\/acropolishomes.pl\/de\/zelemenos-village\/\" >\n\t\t\t\tZelemenos Village\t\t\t<\/a>\n\t\t<\/h4>\n\t\t\t\t<div class=\"elementor-post__excerpt\">\n\t\t\t<p>Zelemenos Village ist eine einzigartige Anlage mit Luxusvillen in den H\u00fcgeln mit ph\u00e4nomenalem Blick auf das Mittelmeer und die K\u00fcste von Paphos-Stadt. Die Anlage verf\u00fcgt \u00fcber einen Tennisplatz und ein Restaurant.<\/p>\n\t\t<\/div>\n\t\t\n\t\t<a class=\"elementor-post__read-more\" href=\"https:\/\/acropolishomes.pl\/de\/zelemenos-village\/\" aria-label=\"Read more about Zelemenos Village\" tabindex=\"-1\" >\n\t\t\tAngebot ansehen \u00bb\t\t<\/a>\n\n\t\t\t\t<\/div>\n\t\t\t\t\t<\/div>\n\t\t<\/article>\n\t\t\t\t<article class=\"elementor-post elementor-grid-item post-1399 post type-post status-publish format-standard has-post-thumbnail hentry category-cypr category-pafos\">\n\t\t\t<div class=\"elementor-post__card\">\n\t\t\t\t<a class=\"elementor-post__thumbnail__link\" href=\"https:\/\/acropolishomes.pl\/de\/adonis-beach-villas\/\" tabindex=\"-1\" ><div class=\"elementor-post__thumbnail\"><img decoding=\"async\" width=\"2000\" height=\"2560\" src=\"https:\/\/acropolishomes.pl\/wp-content\/uploads\/2023\/03\/Acropolis-Homes-Adonis-Beach-Villas-Biuro-Nieruchomosci-Zdjecie-Nieruchomosci-Ogrod.webp\" class=\"attachment-full size-full wp-image-1565\" alt=\"Acropolis Homes - Adonis Beach Villas - Immobilienagentur - Immobilienfoto - Garten\" srcset=\"https:\/\/acropolishomes.pl\/wp-content\/uploads\/2023\/03\/Acropolis-Homes-Adonis-Beach-Villas-Biuro-Nieruchomosci-Zdjecie-Nieruchomosci-Ogrod.webp 2000w, https:\/\/acropolishomes.pl\/wp-content\/uploads\/2023\/03\/Acropolis-Homes-Adonis-Beach-Villas-Biuro-Nieruchomosci-Zdjecie-Nieruchomosci-Ogrod-234x300.webp 234w, https:\/\/acropolishomes.pl\/wp-content\/uploads\/2023\/03\/Acropolis-Homes-Adonis-Beach-Villas-Biuro-Nieruchomosci-Zdjecie-Nieruchomosci-Ogrod-800x1024.webp 800w, https:\/\/acropolishomes.pl\/wp-content\/uploads\/2023\/03\/Acropolis-Homes-Adonis-Beach-Villas-Biuro-Nieruchomosci-Zdjecie-Nieruchomosci-Ogrod-768x983.webp 768w, https:\/\/acropolishomes.pl\/wp-content\/uploads\/2023\/03\/Acropolis-Homes-Adonis-Beach-Villas-Biuro-Nieruchomosci-Zdjecie-Nieruchomosci-Ogrod-1200x1536.webp 1200w, https:\/\/acropolishomes.pl\/wp-content\/uploads\/2023\/03\/Acropolis-Homes-Adonis-Beach-Villas-Biuro-Nieruchomosci-Zdjecie-Nieruchomosci-Ogrod-1600x2048.webp 1600w\" sizes=\"(max-width: 2000px) 100vw, 2000px\" \/><\/div><\/a>\n\t\t\t\t<div class=\"elementor-post__badge\">Zypern<\/div>\n\t\t\t\t<div class=\"elementor-post__text\">\n\t\t\t\t<h4 class=\"elementor-post__title\">\n\t\t\t<a href=\"https:\/\/acropolishomes.pl\/de\/adonis-beach-villas\/\" >\n\t\t\t\tAdonis Beach Villas\t\t\t<\/a>\n\t\t<\/h4>\n\t\t\t\t<div class=\"elementor-post__excerpt\">\n\t\t\t<p>Die nach h\u00f6chsten Standards gebauten Adonis Beach Villas verf\u00fcgen \u00fcber Swimmingpools, private G\u00e4rten, einen Essbereich mit Platz f\u00fcr Barbecues und gro\u00dfe Verandas.<\/p>\n\t\t<\/div>\n\t\t\n\t\t<a class=\"elementor-post__read-more\" href=\"https:\/\/acropolishomes.pl\/de\/adonis-beach-villas\/\" aria-label=\"Read more about Adonis Beach Villas\" tabindex=\"-1\" >\n\t\t\tAngebot ansehen \u00bb\t\t<\/a>\n\n\t\t\t\t<\/div>\n\t\t\t\t\t<\/div>\n\t\t<\/article>\n\t\t\t\t<article class=\"elementor-post elementor-grid-item post-2335 post type-post status-publish format-standard has-post-thumbnail hentry category-cypr category-pafos\">\n\t\t\t<div class=\"elementor-post__card\">\n\t\t\t\t<a class=\"elementor-post__thumbnail__link\" href=\"https:\/\/acropolishomes.pl\/de\/coral-seas-villas\/\" tabindex=\"-1\" ><div class=\"elementor-post__thumbnail\"><img decoding=\"async\" width=\"2560\" height=\"1709\" src=\"https:\/\/acropolishomes.pl\/wp-content\/uploads\/2023\/03\/Acropolis-Homes-Coral-Seas-Villas-Biuro-Nieruchomosci-Zdjecie-Nieruchomosci-Osiedle-9.webp\" class=\"attachment-full size-full wp-image-2330\" alt=\"Acropolis Homes - Coral Seas Villas - Immobilienagentur - Immobilienfoto - Immobilienentwicklung\" srcset=\"https:\/\/acropolishomes.pl\/wp-content\/uploads\/2023\/03\/Acropolis-Homes-Coral-Seas-Villas-Biuro-Nieruchomosci-Zdjecie-Nieruchomosci-Osiedle-9.webp 2560w, https:\/\/acropolishomes.pl\/wp-content\/uploads\/2023\/03\/Acropolis-Homes-Coral-Seas-Villas-Biuro-Nieruchomosci-Zdjecie-Nieruchomosci-Osiedle-9-300x200.webp 300w, https:\/\/acropolishomes.pl\/wp-content\/uploads\/2023\/03\/Acropolis-Homes-Coral-Seas-Villas-Biuro-Nieruchomosci-Zdjecie-Nieruchomosci-Osiedle-9-1024x684.webp 1024w, https:\/\/acropolishomes.pl\/wp-content\/uploads\/2023\/03\/Acropolis-Homes-Coral-Seas-Villas-Biuro-Nieruchomosci-Zdjecie-Nieruchomosci-Osiedle-9-768x513.webp 768w, https:\/\/acropolishomes.pl\/wp-content\/uploads\/2023\/03\/Acropolis-Homes-Coral-Seas-Villas-Biuro-Nieruchomosci-Zdjecie-Nieruchomosci-Osiedle-9-1536x1025.webp 1536w, https:\/\/acropolishomes.pl\/wp-content\/uploads\/2023\/03\/Acropolis-Homes-Coral-Seas-Villas-Biuro-Nieruchomosci-Zdjecie-Nieruchomosci-Osiedle-9-2048x1367.webp 2048w\" sizes=\"(max-width: 2560px) 100vw, 2560px\" \/><\/div><\/a>\n\t\t\t\t<div class=\"elementor-post__badge\">Zypern<\/div>\n\t\t\t\t<div class=\"elementor-post__text\">\n\t\t\t\t<h4 class=\"elementor-post__title\">\n\t\t\t<a href=\"https:\/\/acropolishomes.pl\/de\/coral-seas-villas\/\" >\n\t\t\t\tCoral Seas Villas\t\t\t<\/a>\n\t\t<\/h4>\n\t\t\t\t<div class=\"elementor-post__excerpt\">\n\t\t\t<p>Coral Seas Villas to ekskluzywne nieruchomo\u015bci na Cyprze, kt\u00f3re zosta\u0142y wyr\u00f3\u017cnione europejsk\u0105 nagrod\u0105 &#8222;Best Interior Design Show Home 2019&#8221;. Inwestycja ta sk\u0142ada si\u0119 z nowoczesnych apartament\u00f3w i willi nad samym brzegiem morza. Charakteryzuj\u0105 si\u0119 niepowtarzaln\u0105 kompozycj\u0105 nowoczesno\u015bci i tradycyjnej \u015br\u00f3dziemnomorskiej architektury. Na ich wyj\u0105kowo\u015b\u0107 sk\u0142ada si\u0119 lokalizacja przy pi\u0119knej piaszczystej pla\u017cy, nowoczesny wystr\u00f3j wn\u0119trz oraz najwy\u017csza jako\u015b\u0107 materia\u0142\u00f3w u\u017cytych przy wyko\u0144czeniu.<\/p>\n\t\t<\/div>\n\t\t\n\t\t<a class=\"elementor-post__read-more\" href=\"https:\/\/acropolishomes.pl\/de\/coral-seas-villas\/\" aria-label=\"Read more about Coral Seas Villas\" tabindex=\"-1\" >\n\t\t\tAngebot ansehen \u00bb\t\t<\/a>\n\n\t\t\t\t<\/div>\n\t\t\t\t\t<\/div>\n\t\t<\/article>\n\t\t\t\t<article class=\"elementor-post elementor-grid-item post-2586 post type-post status-publish format-standard has-post-thumbnail hentry category-cypr category-pafos\">\n\t\t\t<div class=\"elementor-post__card\">\n\t\t\t\t<a class=\"elementor-post__thumbnail__link\" href=\"https:\/\/acropolishomes.pl\/de\/venus-gardens\/\" tabindex=\"-1\" ><div class=\"elementor-post__thumbnail\"><img loading=\"lazy\" decoding=\"async\" width=\"2560\" height=\"1831\" src=\"https:\/\/acropolishomes.pl\/wp-content\/uploads\/2023\/03\/Acropolis-Homes-Venus-Gardens-Biuro-Nieruchomosci-Zdjecie-Nieruchomosci-Basen.webp\" class=\"attachment-full size-full wp-image-2566\" alt=\"Acropolis Homes - Venus Gardens - Immobilienagentur - Immobilienfoto - Schwimmbad\" srcset=\"https:\/\/acropolishomes.pl\/wp-content\/uploads\/2023\/03\/Acropolis-Homes-Venus-Gardens-Biuro-Nieruchomosci-Zdjecie-Nieruchomosci-Basen.webp 2560w, https:\/\/acropolishomes.pl\/wp-content\/uploads\/2023\/03\/Acropolis-Homes-Venus-Gardens-Biuro-Nieruchomosci-Zdjecie-Nieruchomosci-Basen-300x215.webp 300w, https:\/\/acropolishomes.pl\/wp-content\/uploads\/2023\/03\/Acropolis-Homes-Venus-Gardens-Biuro-Nieruchomosci-Zdjecie-Nieruchomosci-Basen-1024x732.webp 1024w, https:\/\/acropolishomes.pl\/wp-content\/uploads\/2023\/03\/Acropolis-Homes-Venus-Gardens-Biuro-Nieruchomosci-Zdjecie-Nieruchomosci-Basen-768x549.webp 768w, https:\/\/acropolishomes.pl\/wp-content\/uploads\/2023\/03\/Acropolis-Homes-Venus-Gardens-Biuro-Nieruchomosci-Zdjecie-Nieruchomosci-Basen-1536x1099.webp 1536w, https:\/\/acropolishomes.pl\/wp-content\/uploads\/2023\/03\/Acropolis-Homes-Venus-Gardens-Biuro-Nieruchomosci-Zdjecie-Nieruchomosci-Basen-2048x1465.webp 2048w\" sizes=\"(max-width: 2560px) 100vw, 2560px\" \/><\/div><\/a>\n\t\t\t\t<div class=\"elementor-post__badge\">Zypern<\/div>\n\t\t\t\t<div class=\"elementor-post__text\">\n\t\t\t\t<h4 class=\"elementor-post__title\">\n\t\t\t<a href=\"https:\/\/acropolishomes.pl\/de\/venus-gardens\/\" >\n\t\t\t\tVenus Gardens\t\t\t<\/a>\n\t\t<\/h4>\n\t\t\t\t<div class=\"elementor-post__excerpt\">\n\t\t\t<p>Venus Gardens ist eine einzigartige Wohnanlage, die nur einen kurzen Spaziergang von der K\u00fcste von Paphos und dem t\u00fcrkisfarbenen Wasser des Mittelmeers entfernt ist. Die auf einer H\u00fcgelkuppe in Chlorace gelegenen Luxuswohnungen wurden in einem modernen, entspannten Stil mit deutlichen mediterranen Akzenten entworfen. Jedes Haus verf\u00fcgt \u00fcber gro\u00dfz\u00fcgige Veranden, Terrassen und wundersch\u00f6n angelegte G\u00e4rten, die einen direkten Zugang zur Natur bieten. Die Innenr\u00e4ume der H\u00e4user wurden so gestaltet, dass Luft und nat\u00fcrliches Licht frei flie\u00dfen k\u00f6nnen, was die Einzigartigkeit des Ortes noch verst\u00e4rkt.<\/p>\n\t\t<\/div>\n\t\t\n\t\t<a class=\"elementor-post__read-more\" href=\"https:\/\/acropolishomes.pl\/de\/venus-gardens\/\" aria-label=\"Read more about Venus Gardens\" tabindex=\"-1\" >\n\t\t\tAngebot ansehen \u00bb\t\t<\/a>\n\n\t\t\t\t<\/div>\n\t\t\t\t\t<\/div>\n\t\t<\/article>\n\t\t\t\t<\/div>\n\t\t\t\t\t<span class=\"e-load-more-spinner\">\n\t\t\t\t<svg aria-hidden=\"true\" class=\"e-font-icon-svg e-fas-spinner\" viewbox=\"0 0 512 512\" xmlns=\"http:\/\/www.w3.org\/2000\/svg\"><path d=\"M304 48c0 26.51-21.49 48-48 48s-48-21.49-48-48 21.49-48 48-48 48 21.49 48 48zm-48 368c-26.51 0-48 21.49-48 48s21.49 48 48 48 48-21.49 48-48-21.49-48-48-48zm208-208c-26.51 0-48 21.49-48 48s21.49 48 48 48 48-21.49 48-48-21.49-48-48-48zM96 256c0-26.51-21.49-48-48-48S0 229.49 0 256s21.49 48 48 48 48-21.49 48-48zm12.922 99.078c-26.51 0-48 21.49-48 48s21.49 48 48 48 48-21.49 48-48c0-26.509-21.491-48-48-48zm294.156 0c-26.51 0-48 21.49-48 48s21.49 48 48 48 48-21.49 48-48c0-26.509-21.49-48-48-48zM108.922 60.922c-26.51 0-48 21.49-48 48s21.49 48 48 48 48-21.49 48-48-21.491-48-48-48z\"><\/path><\/svg>\t\t\t<\/span>\n\t\t\n\t\t\t\t<div class=\"e-load-more-anchor\" data-page=\"1\" data-max-page=\"6\" data-next-page=\"https:\/\/acropolishomes.pl\/de\/wp-json\/wp\/v2\/pages\/1469\/page\/2\/\"><\/div>\n\t\t\t\t<div class=\"elementor-button-wrapper\">\n\t\t\t<a href=\"#\" class=\"elementor-button-link elementor-button\" role=\"button\">\n\t\t\t\t\t\t<span class=\"elementor-button-content-wrapper\">\n\t\t\t\t\t\t\t\t\t<span class=\"elementor-button-text\">Weitere Angebote<\/span>\n\t\t\t\t\t<\/span>\n\t\t\t\t\t<\/a>\n\t\t<\/div>\n\t\t\t\t<div class=\"e-load-more-message\">Keine weiteren Angebote<\/div>\n\t\t\t\t\t\t<\/div>\n\t\t\t\t<\/div>\n\t\t\t\t<\/div>\n\t\t\t\t\t<\/div>\n\t\t\t\t<\/div>\n\t\t<div class=\"elementor-element elementor-element-d9c1a0a e-flex e-con-boxed e-con e-parent\" data-id=\"d9c1a0a\" data-element_type=\"container\" data-settings=\"{&quot;background_background&quot;:&quot;classic&quot;}\">\n\t\t\t\t\t<div class=\"e-con-inner\">\n\t\t<div class=\"elementor-element elementor-element-17357c3 e-con-full e-flex e-con e-child\" data-id=\"17357c3\" data-element_type=\"container\">\n\t\t\t\t<div class=\"elementor-element elementor-element-a35fd95 elementor-widget elementor-widget-heading\" data-id=\"a35fd95\" data-element_type=\"widget\" data-widget_type=\"heading.default\">\n\t\t\t\t\t<h2 class=\"elementor-heading-title elementor-size-default\">Suchen Sie etwas anderes?<\/h2>\t\t\t\t<\/div>\n\t\t\t\t<div class=\"elementor-element elementor-element-a3b98a1 elementor-align-center elementor-widget elementor-widget-button\" data-id=\"a3b98a1\" data-element_type=\"widget\" data-widget_type=\"button.default\">\n\t\t\t\t\t\t\t\t\t\t<a class=\"elementor-button elementor-button-link elementor-size-sm\" href=\"#elementor-action:action=popup:open&settings=eyJpZCI6Ijc2NiIsInRvZ2dsZSI6ZmFsc2V9\">\n\t\t\t\t\t\t<span class=\"elementor-button-content-wrapper\">\n\t\t\t\t\t\t\t\t\t<span class=\"elementor-button-text\">Kontaktieren Sie uns<\/span>\n\t\t\t\t\t<\/span>\n\t\t\t\t\t<\/a>\n\t\t\t\t\t\t\t\t<\/div>\n\t\t\t\t<\/div>\n\t\t\t\t\t<\/div>\n\t\t\t\t<\/div>\n\t\t\t\t<\/div>","protected":false},"excerpt":{"rendered":"<p>Nieruchomo\u015bci w Pafos Szukasz czego\u015b innego? Skontaktuj si\u0119 z nami<\/p>","protected":false},"author":1,"featured_media":0,"parent":1449,"menu_order":0,"comment_status":"closed","ping_status":"closed","template":"","meta":{"site-sidebar-layout":"no-sidebar","site-content-layout":"page-builder","ast-site-content-layout":"default","site-content-style":"default","site-sidebar-style":"default","ast-global-header-display":"","ast-banner-title-visibility":"","ast-main-header-display":"","ast-hfb-above-header-display":"","ast-hfb-below-header-display":"","ast-hfb-mobile-header-display":"","site-post-title":"disabled","ast-breadcrumbs-content":"","ast-featured-img":"disabled","footer-sml-layout":"","ast-disable-related-posts":"","theme-transparent-header-meta":"enabled","adv-header-id-meta":"","stick-header-meta":"","header-above-stick-meta":"","header-main-stick-meta":"","header-below-stick-meta":"","astra-migrate-meta-layouts":"default","ast-page-background-enabled":"default","ast-page-background-meta":{"desktop":{"background-color":"","background-image":"","background-repeat":"repeat","background-position":"center center","background-size":"auto","background-attachment":"scroll","background-type":"","background-media":"","overlay-type":"","overlay-color":"","overlay-opacity":"","overlay-gradient":""},"tablet":{"background-color":"","background-image":"","background-repeat":"repeat","background-position":"center center","background-size":"auto","background-attachment":"scroll","background-type":"","background-media":"","overlay-type":"","overlay-color":"","overlay-opacity":"","overlay-gradient":""},"mobile":{"background-color":"","background-image":"","background-repeat":"repeat","background-position":"center center","background-size":"auto","background-attachment":"scroll","background-type":"","background-media":"","overlay-type":"","overlay-color":"","overlay-opacity":"","overlay-gradient":""}},"ast-content-background-meta":{"desktop":{"background-color":"var(--ast-global-color-5)","background-image":"","background-repeat":"repeat","background-position":"center center","background-size":"auto","background-attachment":"scroll","background-type":"","background-media":"","overlay-type":"","overlay-color":"","overlay-opacity":"","overlay-gradient":""},"tablet":{"background-color":"var(--ast-global-color-5)","background-image":"","background-repeat":"repeat","background-position":"center center","background-size":"auto","background-attachment":"scroll","background-type":"","background-media":"","overlay-type":"","overlay-color":"","overlay-opacity":"","overlay-gradient":""},"mobile":{"background-color":"var(--ast-global-color-5)","background-image":"","background-repeat":"repeat","background-position":"center center","background-size":"auto","background-attachment":"scroll","background-type":"","background-media":"","overlay-type":"","overlay-color":"","overlay-opacity":"","overlay-gradient":""}},"footnotes":""},"class_list":["post-1469","page","type-page","status-publish","hentry"],"_links":{"self":[{"href":"https:\/\/acropolishomes.pl\/de\/wp-json\/wp\/v2\/pages\/1469","targetHints":{"allow":["GET"]}}],"collection":[{"href":"https:\/\/acropolishomes.pl\/de\/wp-json\/wp\/v2\/pages"}],"about":[{"href":"https:\/\/acropolishomes.pl\/de\/wp-json\/wp\/v2\/types\/page"}],"author":[{"embeddable":true,"href":"https:\/\/acropolishomes.pl\/de\/wp-json\/wp\/v2\/users\/1"}],"replies":[{"embeddable":true,"href":"https:\/\/acropolishomes.pl\/de\/wp-json\/wp\/v2\/comments?post=1469"}],"version-history":[{"count":0,"href":"https:\/\/acropolishomes.pl\/de\/wp-json\/wp\/v2\/pages\/1469\/revisions"}],"up":[{"embeddable":true,"href":"https:\/\/acropolishomes.pl\/de\/wp-json\/wp\/v2\/pages\/1449"}],"wp:attachment":[{"href":"https:\/\/acropolishomes.pl\/de\/wp-json\/wp\/v2\/media?parent=1469"}],"curies":[{"name":"wp","href":"https:\/\/api.w.org\/{rel}","templated":true}]}}