{"id":1592,"date":"2023-03-03T11:13:10","date_gmt":"2023-03-03T10:13:10","guid":{"rendered":"https:\/\/acropolishomes.pl\/?page_id=1592"},"modified":"2023-06-12T14:40:15","modified_gmt":"2023-06-12T12:40:15","slug":"polityka-prywatnosci","status":"publish","type":"page","link":"https:\/\/acropolishomes.pl\/de\/polityka-prywatnosci\/","title":{"rendered":"Polityka Prywatno\u015bci"},"content":{"rendered":"<div data-elementor-type=\"wp-page\" data-elementor-id=\"1592\" class=\"elementor elementor-1592\" data-elementor-post-type=\"page\">\n\t\t\t\t<div class=\"elementor-element elementor-element-e391fcb e-flex e-con-boxed e-con e-parent\" data-id=\"e391fcb\" data-element_type=\"container\" data-settings=\"{&quot;background_background&quot;:&quot;classic&quot;}\">\n\t\t\t\t\t<div class=\"e-con-inner\">\n\t\t<div class=\"elementor-element elementor-element-c47bc34 e-con-full e-flex e-con e-child\" data-id=\"c47bc34\" data-element_type=\"container\">\n\t\t\t\t<div class=\"elementor-element elementor-element-c50fd22 elementor-invisible elementor-widget elementor-widget-heading\" data-id=\"c50fd22\" data-element_type=\"widget\" data-settings=\"{&quot;motion_fx_motion_fx_scrolling&quot;:&quot;yes&quot;,&quot;motion_fx_opacity_effect&quot;:&quot;yes&quot;,&quot;motion_fx_opacity_direction&quot;:&quot;in-out&quot;,&quot;motion_fx_opacity_range&quot;:{&quot;unit&quot;:&quot;%&quot;,&quot;size&quot;:&quot;&quot;,&quot;sizes&quot;:{&quot;start&quot;:80,&quot;end&quot;:100}},&quot;_animation&quot;:&quot;fadeIn&quot;,&quot;motion_fx_opacity_level&quot;:{&quot;unit&quot;:&quot;px&quot;,&quot;size&quot;:10,&quot;sizes&quot;:[]},&quot;motion_fx_devices&quot;:[&quot;desktop&quot;,&quot;tablet&quot;,&quot;mobile&quot;]}\" data-widget_type=\"heading.default\">\n\t\t\t\t\t<h1 class=\"elementor-heading-title elementor-size-default\">Polityka Prywatno\u015bci<\/h1>\t\t\t\t<\/div>\n\t\t\t\t<\/div>\n\t\t\t\t\t<\/div>\n\t\t\t\t<\/div>\n\t\t<div class=\"elementor-element elementor-element-242f83a e-flex e-con-boxed e-con e-parent\" data-id=\"242f83a\" data-element_type=\"container\" data-settings=\"{&quot;background_background&quot;:&quot;gradient&quot;}\">\n\t\t\t\t\t<div class=\"e-con-inner\">\n\t\t<div class=\"elementor-element elementor-element-ea8da17 e-con-full e-flex e-con e-child\" data-id=\"ea8da17\" data-element_type=\"container\">\n\t\t\t\t<div class=\"elementor-element elementor-element-7333afb elementor-widget elementor-widget-text-editor\" data-id=\"7333afb\" data-element_type=\"widget\" data-widget_type=\"text-editor.default\">\n\t\t\t\t\t\t\t\t\t<p>W serwisie <a href=\"https:\/\/acropolishomes.pl\/de\/\">https:\/\/acropolishomes.pl<\/a> celem poprawienia wy\u015bwietlania tre\u015bci mo\u017cliwe jest stosowanie plik\u00f3w \u201ecookies\u201d. W ka\u017cdej chwili masz prawo okre\u015bli\u0107 warunki przechowywania lub dost\u0119pu do Twoich danych zmieniaj\u0105c ustawienia plik\u00f3w \u201ecookies\u201d w swojej przegl\u0105darce interentowej.<\/p><p>Niniejsza \u201ePolityka Prywatno\u015bci\u201d s\u0142u\u017cy wyja\u015bnieniu tego, w jakim celu na stronach internetowych, kt\u00f3rymi administruje Homely Estates Sp. z o.o., mog\u0105 by\u0107 u\u017cywane pliki \u201ecookies\u201d oraz w jaki spos\u00f3b u\u017cytkownik ma prawo okre\u015bli\u0107 warunki stosowania plik\u00f3w \u201ecookies\u201d. Przez korzystanie z tej strony wyra\u017casz zgod\u0119 na stosowanie ciasteczek zgodnie z t\u0105 Polityk\u0105 Prywatno\u015bci.<\/p>\t\t\t\t\t\t\t\t<\/div>\n\t\t\t\t<div class=\"elementor-element elementor-element-1dea9c9 elementor-widget elementor-widget-heading\" data-id=\"1dea9c9\" data-element_type=\"widget\" data-widget_type=\"heading.default\">\n\t\t\t\t\t<h3 class=\"elementor-heading-title elementor-size-default\">Czym s\u0105 pliki \"cookies\"?<\/h3>\t\t\t\t<\/div>\n\t\t\t\t<div class=\"elementor-element elementor-element-327905c elementor-widget elementor-widget-text-editor\" data-id=\"327905c\" data-element_type=\"widget\" data-widget_type=\"text-editor.default\">\n\t\t\t\t\t\t\t\t\t<p>Ciasteczka (z ang. cookies) to dane informatyczne, a w szczeg\u00f3lno\u015bci pliki tekstowe o niewielkim rozmiarze, kt\u00f3re s\u0105 wysy\u0142ane przez serwer odwiedzanej strony internetowej i zapisywane na urz\u0105dzeniu, z kt\u00f3rego korzystamy w momencie jej przegl\u0105dania. Ciasteczka u\u0142atwiaj\u0105 korzystanie z serwis\u00f3w internetowych, kt\u00f3rych zawarto\u015b\u0107 w postaci tre\u015bci, zdj\u0119\u0107 jak r\u00f3wnie\u017c reklam jest lepiej dopasowana pod k\u0105tem indywidualnych oczekiwa\u0144 u\u017cytkownika.<\/p>\t\t\t\t\t\t\t\t<\/div>\n\t\t\t\t<div class=\"elementor-element elementor-element-35614ed elementor-widget elementor-widget-heading\" data-id=\"35614ed\" data-element_type=\"widget\" data-widget_type=\"heading.default\">\n\t\t\t\t\t<h3 class=\"elementor-heading-title elementor-size-default\">Co zyskujemy z plikami \u201ecookies\u201d?<\/h3>\t\t\t\t<\/div>\n\t\t\t\t<div class=\"elementor-element elementor-element-2c39137 elementor-widget elementor-widget-text-editor\" data-id=\"2c39137\" data-element_type=\"widget\" data-widget_type=\"text-editor.default\">\n\t\t\t\t\t\t\t\t\t<p>Dzi\u0119ki zapisanych w plikach &#8222;cookies&#8221; informacjach, dowiadujemy si\u0119 wi\u0119cej o upodobaniach naszych u\u017cytkownik\u00f3w, dlatego mo\u017cemy udoskonala\u0107 swoje serwisy czyni\u0105c je lepiej dopasowanymi do Twoich potrzeb.<\/p>\t\t\t\t\t\t\t\t<\/div>\n\t\t\t\t<div class=\"elementor-element elementor-element-6f37885 elementor-widget elementor-widget-heading\" data-id=\"6f37885\" data-element_type=\"widget\" data-widget_type=\"heading.default\">\n\t\t\t\t\t<h3 class=\"elementor-heading-title elementor-size-default\">Przyk\u0142adowe zalety plik\u00f3w \"cookies\":<\/h3>\t\t\t\t<\/div>\n\t\t\t\t<div class=\"elementor-element elementor-element-1b22b63 elementor-widget elementor-widget-text-editor\" data-id=\"1b22b63\" data-element_type=\"widget\" data-widget_type=\"text-editor.default\">\n\t\t\t\t\t\t\t\t\t<ul><li>Zapami\u0119tuj\u0105 nasze odwiedziny na stronie i wybrane jej preferencje jak np. j\u0119zyk<\/li><li>Pomagaj\u0105 w dostarczaniu spersonalizowanej zawarto\u015bci serwisu<\/li><li>Pozwalaj\u0105 na korzystanie z kont w serwisach<\/li><li>Umo\u017cliwiaj\u0105 pomini\u0119cie konieczno\u015bci ka\u017cdorazowego rejestrowania si\u0119<\/li><li>Pozwalaj\u0105 na dokonywanie zakup\u00f3w on-line<\/li><\/ul>\t\t\t\t\t\t\t\t<\/div>\n\t\t\t\t<div class=\"elementor-element elementor-element-97a79d7 elementor-widget elementor-widget-heading\" data-id=\"97a79d7\" data-element_type=\"widget\" data-widget_type=\"heading.default\">\n\t\t\t\t\t<h3 class=\"elementor-heading-title elementor-size-default\">Pliki \u201ecookies\u201d mo\u017cemy stosowa\u0107 w celu:<\/h3>\t\t\t\t<\/div>\n\t\t\t\t<div class=\"elementor-element elementor-element-68419d0 elementor-widget elementor-widget-text-editor\" data-id=\"68419d0\" data-element_type=\"widget\" data-widget_type=\"text-editor.default\">\n\t\t\t\t\t\t\t\t\t<ul><li>Konfiguracji serwisu: umo\u017cliwiaj\u0105 ustawienie funkcji i us\u0142ug w serwisie<\/li><li>Uwierzytelniania: umo\u017cliwiaj\u0105 informowanie gdy u\u017cytkownik jest zalogowany, dzi\u0119ki czemu witryna mo\u017ce pokazywa\u0107 odpowiednie informacje i funkcje<\/li><li>Reklamy: umo\u017cliwiaj\u0105 wy\u015bwietlanie reklam, kt\u00f3re s\u0105 bardziej interesuj\u0105ce dla u\u017cytkownik\u00f3w<\/li><li>Analizy i badania zachowa\u0144 u\u017cytkownik\u00f3w: umo\u017cliwiaj\u0105 odczytanie preferencji u\u017cytkownik\u00f3w, kt\u00f3re pomagaj\u0105 zrozumie\u0107 w jaki spos\u00f3b u\u017cytkownik korzysta ze stron internetowych co umo\u017cliwia ulepszanie ich struktury i zawarto\u015bci, z wy\u0142\u0105czeniem personalnej identyfikacji u\u017cytkownika.<\/li><\/ul>\t\t\t\t\t\t\t\t<\/div>\n\t\t\t\t<div class=\"elementor-element elementor-element-6cdb6f5 elementor-widget elementor-widget-heading\" data-id=\"6cdb6f5\" data-element_type=\"widget\" data-widget_type=\"heading.default\">\n\t\t\t\t\t<h3 class=\"elementor-heading-title elementor-size-default\">Jakie pliki \u201ecookies\u201d mo\u017cemy stosowa\u0107?<\/h3>\t\t\t\t<\/div>\n\t\t\t\t<div class=\"elementor-element elementor-element-02a3b50 elementor-widget elementor-widget-text-editor\" data-id=\"02a3b50\" data-element_type=\"widget\" data-widget_type=\"text-editor.default\">\n\t\t\t\t\t\t\t\t\t<p>Na swoich stronach internetowych mo\u017cemy stosowa\u0107 kilka rodzaj\u00f3w plik\u00f3w \u201ecookies\u201d:<\/p><ul><li>Ze wzgl\u0119du na czas przez jaki plik \u201ecookie\u201d jest umieszczony w urz\u0105dzeniu ko\u0144cowym u\u017cytkownika: mo\u017cemy stosowa\u0107 zar\u00f3wno pliki \u201ecookies\u201d umieszczone na czas sesji (czas korzystania z przegl\u0105darki), jak i pliki, kt\u00f3re nie s\u0105 kasowane po zamkni\u0119ciu przegl\u0105darki i pozostaj\u0105 w urz\u0105dzeniu u\u017cytkownika na okre\u015blony czas lub bez okresu wa\u017cno\u015bci.<\/li><li>Ze wzgl\u0119du na pochodzenie wystawcy: mo\u017cemy stosowa\u0107 zar\u00f3wno w\u0142asne pliki \u201ecookies\u201d, jak i dopuszczamy mo\u017cliwo\u015b\u0107 stosowania zewn\u0119trznych plik\u00f3w \u201ecookies\u201d, pochodz\u0105cych od podmiot\u00f3w, z kt\u00f3rymi wsp\u00f3\u0142pracujemy, takich jak Google oraz od podmiot\u00f3w realizuj\u0105cych dla nas kampanie reklamowe. Z uwagi na fakt, \u017ce spos\u00f3b dzia\u0142ania niekt\u00f3rych plik\u00f3w \u201ecookies\u201d pochodz\u0105cych od partner\u00f3w zewn\u0119trznych mo\u017ce by\u0107 inny, ni\u017c przedstawiony w niniejszej polityce, prosimy o zapoznanie si\u0119 z informacjami na temat tych plik\u00f3w \u201ecookies\u201d dost\u0119pnymi na stronach internetowych naszych partner\u00f3w: Google: <a href=\"https:\/\/www.google.pl\/intl\/pl\/policies\/technologies\/cookies\/\" target=\"_blank\" rel=\"nofollow noopener\">https:\/\/www.google.pl\/intl\/pl\/policies\/technologies\/cookies\/<\/a><\/li><li>Ze wzgl\u0119du na ingerencj\u0119 w prywatno\u015b\u0107 u\u017cytkownika: najcz\u0119\u015bciej mo\u017cemy stosowa\u0107 pliki \u201ecookies\u201d potrzebne do umo\u017cliwienia dzia\u0142ania funkcjonalno\u015bci witryny, kt\u00f3rych stosowanie nie polega na \u015bledzeniu u\u017cytkownika. Dodatkowo wykorzystujemy tak\u017ce pliki \u201ecookies\u201c do \u015bledzenia zachowa\u0144 u\u017cytkownik\u00f3w, jednak nie zbieramy informacji pozwalaj\u0105cych zidentyfikowa\u0107 dane osobowe konkretnego u\u017cytkownika.<\/li><\/ul>\t\t\t\t\t\t\t\t<\/div>\n\t\t\t\t<div class=\"elementor-element elementor-element-d492e18 elementor-widget elementor-widget-heading\" data-id=\"d492e18\" data-element_type=\"widget\" data-widget_type=\"heading.default\">\n\t\t\t\t\t<h3 class=\"elementor-heading-title elementor-size-default\">Zarz\u0105dzanie plikami \u201ecookies\u201d<\/h3>\t\t\t\t<\/div>\n\t\t\t\t<div class=\"elementor-element elementor-element-970bb48 elementor-widget elementor-widget-text-editor\" data-id=\"970bb48\" data-element_type=\"widget\" data-widget_type=\"text-editor.default\">\n\t\t\t\t\t\t\t\t\t<p>Domy\u015blne ustawienia przegl\u0105darki internetowej zazwyczaj pozwalaj\u0105 na umieszczanie plik\u00f3w \u201ecookies\u201d w urz\u0105dzeniu ko\u0144cowym u\u017cytkownika. W zgodzie z art. 173 ust. 2 ustawy Prawo telekomunikacyjne (Dz. U. z 21.12.2012 r., poz. 1445) pozostawienie takich ustawie\u0144 przegl\u0105darki po otrzymaniu informacji na temat plik\u00f3w \u201ecookies\u201d stosowanych w witrynie jest r\u00f3wnoznaczne z wyra\u017ceniem zgody na stosowanie plik\u00f3w \u201ecookies\u201d w witrynach internetowych.<\/p><p>U\u017cytkownik mo\u017ce w ka\u017cdej chwili zmieni\u0107 domy\u015blne ustawienia przegl\u0105darki w celu unikni\u0119cia zamieszczenia plik\u00f3w \u201ecookies\u201d na jego urz\u0105dzeniu. Ustawienia te mog\u0105 zosta\u0107 zmienione w taki spos\u00f3b, aby blokowa\u0107 automatyczn\u0105 obs\u0142ug\u0119 plik\u00f3w \u201ecookies\u201d w ustawieniach przegl\u0105darki internetowej b\u0105d\u017a informowa\u0107 o ich ka\u017cdorazowym przes\u0142aniu na urz\u0105dzenie u\u017cytkownika. Szczeg\u00f3\u0142owe informacje o mo\u017cliwo\u015bci i sposobach obs\u0142ugi plik\u00f3w \u201ecookies\u201d dost\u0119pne s\u0105 w ustawieniach oprogramowania (przegl\u0105darki internetowej).<\/p><p>Prosz\u0119 pami\u0119ta\u0107, \u017ce usuni\u0119cie lub blokada plik\u00f3w \u201ecookies\u201d mo\u017ce wi\u0105za\u0107 si\u0119 z tym, \u017ce niekt\u00f3re sekcje naszych stron internetowych nie b\u0119d\u0105 funkcjonowa\u0142y poprawnie.<\/p>\t\t\t\t\t\t\t\t<\/div>\n\t\t\t\t<div class=\"elementor-element elementor-element-feba070 elementor-widget elementor-widget-heading\" data-id=\"feba070\" data-element_type=\"widget\" data-widget_type=\"heading.default\">\n\t\t\t\t\t<h3 class=\"elementor-heading-title elementor-size-default\">Gromadzenie innych danych<\/h3>\t\t\t\t<\/div>\n\t\t\t\t<div class=\"elementor-element elementor-element-b3f56f9 elementor-widget elementor-widget-text-editor\" data-id=\"b3f56f9\" data-element_type=\"widget\" data-widget_type=\"text-editor.default\">\n\t\t\t\t\t\t\t\t\t<p>Na naszych serwerach mo\u017cemy przechowywa\u0107 tak\u017ce inne dane ni\u017c te, kt\u00f3re pozyskujemy z wykorzystaniem plik\u00f3w cookies. Te dane to przede wszystkim adresy IP, z kt\u00f3rych u\u017cytkownicy przegl\u0105daj\u0105 tre\u015bci zamieszczone w naszym serwisie. Mo\u017cemy przechowywa\u0107 tak\u017ce czas nadej\u015bcia zapytania do naszego serwera, nazw\u0119 stacji roboczej u\u017cytkownika i informacje o tym, jakiej u\u017cywa przegl\u0105darki. Dodatkowo, je\u015bli u\u017cytkownik zostaje przekierowany na stron\u0119 internetow\u0105 naszego serwisu z innej strony internetowej to mo\u017cemy zbiera\u0107 informacj\u0119 o adresie URL, z kt\u00f3rego nast\u0105pi\u0142o przekierowanie.<\/p>\t\t\t\t\t\t\t\t<\/div>\n\t\t\t\t<div class=\"elementor-element elementor-element-6e2936f elementor-widget elementor-widget-heading\" data-id=\"6e2936f\" data-element_type=\"widget\" data-widget_type=\"heading.default\">\n\t\t\t\t\t<h3 class=\"elementor-heading-title elementor-size-default\">Wykorzystywanie danych<\/h3>\t\t\t\t<\/div>\n\t\t\t\t<div class=\"elementor-element elementor-element-5f3a509 elementor-widget elementor-widget-text-editor\" data-id=\"5f3a509\" data-element_type=\"widget\" data-widget_type=\"text-editor.default\">\n\t\t\t\t\t\t\t\t\t<p>Zebrane dane przechowujemy przede wszystkim w celu zapewnienia mo\u017cliwie najwy\u017cszej jako\u015bci administrowania serwisem. Ponadto s\u0142u\u017c\u0105 nam one do sporz\u0105dzania statystyk dotycz\u0105cych sposobu korzystania przez u\u017cytkownik\u00f3w z naszego serwisu. Gromadzone dane nie s\u0105 ujawniane osobom trzecim, za wyj\u0105tkiem upowa\u017cnionych przepisami prawa organ\u00f3w w\u0142adzy publicznej.<\/p>\t\t\t\t\t\t\t\t<\/div>\n\t\t\t\t<\/div>\n\t\t\t\t\t<\/div>\n\t\t\t\t<\/div>\n\t\t<div class=\"elementor-element elementor-element-7766c19 e-flex e-con-boxed e-con e-parent\" data-id=\"7766c19\" data-element_type=\"container\" data-settings=\"{&quot;background_background&quot;:&quot;classic&quot;}\">\n\t\t\t\t\t<div class=\"e-con-inner\">\n\t\t<div class=\"elementor-element elementor-element-6c22bb3 e-con-full e-flex e-con e-child\" data-id=\"6c22bb3\" data-element_type=\"container\">\n\t\t\t\t<div class=\"elementor-element elementor-element-29fa054 elementor-widget elementor-widget-heading\" data-id=\"29fa054\" data-element_type=\"widget\" data-widget_type=\"heading.default\">\n\t\t\t\t\t<h2 class=\"elementor-heading-title elementor-size-default\">Masz pytania?<\/h2>\t\t\t\t<\/div>\n\t\t\t\t<div class=\"elementor-element elementor-element-4827e05 elementor-align-center elementor-widget elementor-widget-button\" data-id=\"4827e05\" data-element_type=\"widget\" data-widget_type=\"button.default\">\n\t\t\t\t\t\t\t\t\t\t<a class=\"elementor-button elementor-button-link elementor-size-sm\" href=\"#elementor-action:action=popup:open&settings=eyJpZCI6Ijc2NiIsInRvZ2dsZSI6ZmFsc2V9\">\n\t\t\t\t\t\t<span class=\"elementor-button-content-wrapper\">\n\t\t\t\t\t\t\t\t\t<span class=\"elementor-button-text\">Kontaktieren Sie uns<\/span>\n\t\t\t\t\t<\/span>\n\t\t\t\t\t<\/a>\n\t\t\t\t\t\t\t\t<\/div>\n\t\t\t\t<\/div>\n\t\t\t\t\t<\/div>\n\t\t\t\t<\/div>\n\t\t\t\t<\/div>","protected":false},"excerpt":{"rendered":"<p>Polityka Prywatno\u015bci W serwisie https:\/\/acropolishomes.pl celem poprawienia wy\u015bwietlania tre\u015bci mo\u017cliwe jest stosowanie plik\u00f3w \u201ecookies\u201d. W ka\u017cdej chwili masz prawo okre\u015bli\u0107 warunki przechowywania lub dost\u0119pu do Twoich danych zmieniaj\u0105c ustawienia plik\u00f3w \u201ecookies\u201d w swojej przegl\u0105darce interentowej. Niniejsza \u201ePolityka Prywatno\u015bci\u201d s\u0142u\u017cy wyja\u015bnieniu tego, w jakim celu na stronach internetowych, kt\u00f3rymi administruje Homely Estates Sp. z o.o., mog\u0105 [&hellip;]<\/p>","protected":false},"author":1,"featured_media":0,"parent":0,"menu_order":0,"comment_status":"closed","ping_status":"closed","template":"","meta":{"site-sidebar-layout":"no-sidebar","site-content-layout":"page-builder","ast-site-content-layout":"default","site-content-style":"default","site-sidebar-style":"default","ast-global-header-display":"","ast-banner-title-visibility":"","ast-main-header-display":"","ast-hfb-above-header-display":"","ast-hfb-below-header-display":"","ast-hfb-mobile-header-display":"","site-post-title":"disabled","ast-breadcrumbs-content":"","ast-featured-img":"disabled","footer-sml-layout":"","ast-disable-related-posts":"","theme-transparent-header-meta":"enabled","adv-header-id-meta":"","stick-header-meta":"","header-above-stick-meta":"","header-main-stick-meta":"","header-below-stick-meta":"","astra-migrate-meta-layouts":"default","ast-page-background-enabled":"default","ast-page-background-meta":{"desktop":{"background-color":"","background-image":"","background-repeat":"repeat","background-position":"center center","background-size":"auto","background-attachment":"scroll","background-type":"","background-media":"","overlay-type":"","overlay-color":"","overlay-opacity":"","overlay-gradient":""},"tablet":{"background-color":"","background-image":"","background-repeat":"repeat","background-position":"center center","background-size":"auto","background-attachment":"scroll","background-type":"","background-media":"","overlay-type":"","overlay-color":"","overlay-opacity":"","overlay-gradient":""},"mobile":{"background-color":"","background-image":"","background-repeat":"repeat","background-position":"center center","background-size":"auto","background-attachment":"scroll","background-type":"","background-media":"","overlay-type":"","overlay-color":"","overlay-opacity":"","overlay-gradient":""}},"ast-content-background-meta":{"desktop":{"background-color":"var(--ast-global-color-5)","background-image":"","background-repeat":"repeat","background-position":"center center","background-size":"auto","background-attachment":"scroll","background-type":"","background-media":"","overlay-type":"","overlay-color":"","overlay-opacity":"","overlay-gradient":""},"tablet":{"background-color":"var(--ast-global-color-5)","background-image":"","background-repeat":"repeat","background-position":"center center","background-size":"auto","background-attachment":"scroll","background-type":"","background-media":"","overlay-type":"","overlay-color":"","overlay-opacity":"","overlay-gradient":""},"mobile":{"background-color":"var(--ast-global-color-5)","background-image":"","background-repeat":"repeat","background-position":"center center","background-size":"auto","background-attachment":"scroll","background-type":"","background-media":"","overlay-type":"","overlay-color":"","overlay-opacity":"","overlay-gradient":""}},"footnotes":""},"class_list":["post-1592","page","type-page","status-publish","hentry"],"_links":{"self":[{"href":"https:\/\/acropolishomes.pl\/de\/wp-json\/wp\/v2\/pages\/1592","targetHints":{"allow":["GET"]}}],"collection":[{"href":"https:\/\/acropolishomes.pl\/de\/wp-json\/wp\/v2\/pages"}],"about":[{"href":"https:\/\/acropolishomes.pl\/de\/wp-json\/wp\/v2\/types\/page"}],"author":[{"embeddable":true,"href":"https:\/\/acropolishomes.pl\/de\/wp-json\/wp\/v2\/users\/1"}],"replies":[{"embeddable":true,"href":"https:\/\/acropolishomes.pl\/de\/wp-json\/wp\/v2\/comments?post=1592"}],"version-history":[{"count":0,"href":"https:\/\/acropolishomes.pl\/de\/wp-json\/wp\/v2\/pages\/1592\/revisions"}],"wp:attachment":[{"href":"https:\/\/acropolishomes.pl\/de\/wp-json\/wp\/v2\/media?parent=1592"}],"curies":[{"name":"wp","href":"https:\/\/api.w.org\/{rel}","templated":true}]}}