{"id":1464,"date":"2023-03-03T00:33:03","date_gmt":"2023-03-02T23:33:03","guid":{"rendered":"http:\/\/acropolishomes.pl\/?page_id=1464"},"modified":"2023-06-12T14:24:38","modified_gmt":"2023-06-12T12:24:38","slug":"limassol","status":"publish","type":"page","link":"https:\/\/acropolishomes.pl\/en\/property-listings\/cyprus-real-estate\/limassol\/","title":{"rendered":"Limassol Real Estate"},"content":{"rendered":"<div data-elementor-type=\"wp-page\" data-elementor-id=\"1464\" class=\"elementor elementor-1464\" data-elementor-post-type=\"page\">\n\t\t\t\t<div class=\"elementor-element elementor-element-7e4bd27 e-flex e-con-boxed e-con e-parent\" data-id=\"7e4bd27\" data-element_type=\"container\" data-settings=\"{&quot;background_background&quot;:&quot;classic&quot;}\">\n\t\t\t\t\t<div class=\"e-con-inner\">\n\t\t<div class=\"elementor-element elementor-element-eee9daa e-con-full e-flex e-con e-child\" data-id=\"eee9daa\" data-element_type=\"container\">\n\t\t\t\t<div class=\"elementor-element elementor-element-75a5607 elementor-invisible elementor-widget elementor-widget-heading\" data-id=\"75a5607\" data-element_type=\"widget\" data-settings=\"{&quot;motion_fx_motion_fx_scrolling&quot;:&quot;yes&quot;,&quot;motion_fx_opacity_effect&quot;:&quot;yes&quot;,&quot;motion_fx_opacity_direction&quot;:&quot;in-out&quot;,&quot;motion_fx_opacity_range&quot;:{&quot;unit&quot;:&quot;%&quot;,&quot;size&quot;:&quot;&quot;,&quot;sizes&quot;:{&quot;start&quot;:80,&quot;end&quot;:100}},&quot;_animation&quot;:&quot;fadeIn&quot;,&quot;motion_fx_opacity_level&quot;:{&quot;unit&quot;:&quot;px&quot;,&quot;size&quot;:10,&quot;sizes&quot;:[]},&quot;motion_fx_devices&quot;:[&quot;desktop&quot;,&quot;tablet&quot;,&quot;mobile&quot;]}\" data-widget_type=\"heading.default\">\n\t\t\t\t\t<h1 class=\"elementor-heading-title elementor-size-default\">Limassol Real Estate<\/h1>\t\t\t\t<\/div>\n\t\t\t\t<\/div>\n\t\t\t\t\t<\/div>\n\t\t\t\t<\/div>\n\t\t<div class=\"elementor-element elementor-element-0938ed4 e-flex e-con-boxed e-con e-parent\" data-id=\"0938ed4\" data-element_type=\"container\" data-settings=\"{&quot;background_background&quot;:&quot;gradient&quot;}\">\n\t\t\t\t\t<div class=\"e-con-inner\">\n\t\t<div class=\"elementor-element elementor-element-fc59db9 e-con-full e-flex e-con e-child\" data-id=\"fc59db9\" data-element_type=\"container\">\n\t\t\t\t<div class=\"elementor-element elementor-element-de25423 elementor-grid-2 elementor-posts--align-center elementor-grid-tablet-2 elementor-grid-mobile-1 elementor-posts--thumbnail-top elementor-card-shadow-yes elementor-posts__hover-gradient load-more-align-center elementor-widget elementor-widget-posts\" data-id=\"de25423\" data-element_type=\"widget\" id=\"wszystkie\" data-settings=\"{&quot;cards_columns&quot;:&quot;2&quot;,&quot;cards_row_gap&quot;:{&quot;unit&quot;:&quot;px&quot;,&quot;size&quot;:10,&quot;sizes&quot;:[]},&quot;pagination_type&quot;:&quot;load_more_on_click&quot;,&quot;cards_columns_tablet&quot;:&quot;2&quot;,&quot;cards_columns_mobile&quot;:&quot;1&quot;,&quot;cards_row_gap_tablet&quot;:{&quot;unit&quot;:&quot;px&quot;,&quot;size&quot;:&quot;&quot;,&quot;sizes&quot;:[]},&quot;cards_row_gap_mobile&quot;:{&quot;unit&quot;:&quot;px&quot;,&quot;size&quot;:&quot;&quot;,&quot;sizes&quot;:[]},&quot;load_more_spinner&quot;:{&quot;value&quot;:&quot;fas fa-spinner&quot;,&quot;library&quot;:&quot;fa-solid&quot;}}\" data-widget_type=\"posts.cards\">\n\t\t\t\t<div class=\"elementor-widget-container\">\n\t\t\t\t\t\t\t<div class=\"elementor-posts-container elementor-posts elementor-posts--skin-cards elementor-grid\">\n\t\t\t\t<article class=\"elementor-post elementor-grid-item post-1747 post type-post status-publish format-standard has-post-thumbnail hentry category-cypr category-limassol\">\n\t\t\t<div class=\"elementor-post__card\">\n\t\t\t\t<a class=\"elementor-post__thumbnail__link\" href=\"https:\/\/acropolishomes.pl\/en\/limassol-del-mar\/\" tabindex=\"-1\" ><div class=\"elementor-post__thumbnail\"><img fetchpriority=\"high\" decoding=\"async\" width=\"2560\" height=\"2033\" src=\"https:\/\/acropolishomes.pl\/wp-content\/uploads\/2023\/03\/Acropolis-Homes-Limassol-Del-Mar-Biuro-Nieruchomosci-Zdjecie-Nieruchomosci-Apartamentowiec-4.webp\" class=\"attachment-full size-full wp-image-1781\" alt=\"Acropolis Homes - Limassol Del Mar - Real Estate Agency - Property Photo - Apartment building\" srcset=\"https:\/\/acropolishomes.pl\/wp-content\/uploads\/2023\/03\/Acropolis-Homes-Limassol-Del-Mar-Biuro-Nieruchomosci-Zdjecie-Nieruchomosci-Apartamentowiec-4.webp 2560w, https:\/\/acropolishomes.pl\/wp-content\/uploads\/2023\/03\/Acropolis-Homes-Limassol-Del-Mar-Biuro-Nieruchomosci-Zdjecie-Nieruchomosci-Apartamentowiec-4-300x238.webp 300w, https:\/\/acropolishomes.pl\/wp-content\/uploads\/2023\/03\/Acropolis-Homes-Limassol-Del-Mar-Biuro-Nieruchomosci-Zdjecie-Nieruchomosci-Apartamentowiec-4-1024x813.webp 1024w, https:\/\/acropolishomes.pl\/wp-content\/uploads\/2023\/03\/Acropolis-Homes-Limassol-Del-Mar-Biuro-Nieruchomosci-Zdjecie-Nieruchomosci-Apartamentowiec-4-768x610.webp 768w, https:\/\/acropolishomes.pl\/wp-content\/uploads\/2023\/03\/Acropolis-Homes-Limassol-Del-Mar-Biuro-Nieruchomosci-Zdjecie-Nieruchomosci-Apartamentowiec-4-1536x1220.webp 1536w, https:\/\/acropolishomes.pl\/wp-content\/uploads\/2023\/03\/Acropolis-Homes-Limassol-Del-Mar-Biuro-Nieruchomosci-Zdjecie-Nieruchomosci-Apartamentowiec-4-2048x1626.webp 2048w\" sizes=\"(max-width: 2560px) 100vw, 2560px\" \/><\/div><\/a>\n\t\t\t\t<div class=\"elementor-post__badge\">Cyprus<\/div>\n\t\t\t\t<div class=\"elementor-post__text\">\n\t\t\t\t<h4 class=\"elementor-post__title\">\n\t\t\t<a href=\"https:\/\/acropolishomes.pl\/en\/limassol-del-mar\/\" >\n\t\t\t\tLimassol Del Mar\t\t\t<\/a>\n\t\t<\/h4>\n\t\t\t\t<div class=\"elementor-post__excerpt\">\n\t\t\t<p>Limassol Del Mar's unique architecture resembles a new 'wave' off the coast of sunny Limassol. Each luxury flat guarantees phenomenal views of the sandy coastline and the turquoise waters of the Mediterranean.<br \/>\nFurnishings of the highest quality materials are provided inside this unique development. There are also a number of amenities on site.<\/p>\n\t\t<\/div>\n\t\t\n\t\t<a class=\"elementor-post__read-more\" href=\"https:\/\/acropolishomes.pl\/en\/limassol-del-mar\/\" aria-label=\"Read more about Limassol Del Mar\" tabindex=\"-1\" >\n\t\t\tView offer \u00bb\t\t<\/a>\n\n\t\t\t\t<\/div>\n\t\t\t\t\t<\/div>\n\t\t<\/article>\n\t\t\t\t<article class=\"elementor-post elementor-grid-item post-2515 post type-post status-publish format-standard has-post-thumbnail hentry category-cypr category-limassol\">\n\t\t\t<div class=\"elementor-post__card\">\n\t\t\t\t<a class=\"elementor-post__thumbnail__link\" href=\"https:\/\/acropolishomes.pl\/en\/pissouri-villas\/\" tabindex=\"-1\" ><div class=\"elementor-post__thumbnail\"><img decoding=\"async\" width=\"2560\" height=\"1713\" src=\"https:\/\/acropolishomes.pl\/wp-content\/uploads\/2023\/03\/Acropolis-Homes-Pissouri-Villas-Biuro-Nieruchomosci-Zdjecie-Nieruchomosci-Willa-z-basenem.webp\" class=\"attachment-full size-full wp-image-2488\" alt=\"Acropolis Homes - Pissouri Villas - Real Estate Agency - Property Photo - Villa with pool\" srcset=\"https:\/\/acropolishomes.pl\/wp-content\/uploads\/2023\/03\/Acropolis-Homes-Pissouri-Villas-Biuro-Nieruchomosci-Zdjecie-Nieruchomosci-Willa-z-basenem.webp 2560w, https:\/\/acropolishomes.pl\/wp-content\/uploads\/2023\/03\/Acropolis-Homes-Pissouri-Villas-Biuro-Nieruchomosci-Zdjecie-Nieruchomosci-Willa-z-basenem-300x201.webp 300w, https:\/\/acropolishomes.pl\/wp-content\/uploads\/2023\/03\/Acropolis-Homes-Pissouri-Villas-Biuro-Nieruchomosci-Zdjecie-Nieruchomosci-Willa-z-basenem-1024x685.webp 1024w, https:\/\/acropolishomes.pl\/wp-content\/uploads\/2023\/03\/Acropolis-Homes-Pissouri-Villas-Biuro-Nieruchomosci-Zdjecie-Nieruchomosci-Willa-z-basenem-768x514.webp 768w, https:\/\/acropolishomes.pl\/wp-content\/uploads\/2023\/03\/Acropolis-Homes-Pissouri-Villas-Biuro-Nieruchomosci-Zdjecie-Nieruchomosci-Willa-z-basenem-1536x1028.webp 1536w, https:\/\/acropolishomes.pl\/wp-content\/uploads\/2023\/03\/Acropolis-Homes-Pissouri-Villas-Biuro-Nieruchomosci-Zdjecie-Nieruchomosci-Willa-z-basenem-2048x1370.webp 2048w\" sizes=\"(max-width: 2560px) 100vw, 2560px\" \/><\/div><\/a>\n\t\t\t\t<div class=\"elementor-post__badge\">Cyprus<\/div>\n\t\t\t\t<div class=\"elementor-post__text\">\n\t\t\t\t<h4 class=\"elementor-post__title\">\n\t\t\t<a href=\"https:\/\/acropolishomes.pl\/en\/pissouri-villas\/\" >\n\t\t\t\tPissouri Villas\t\t\t<\/a>\n\t\t<\/h4>\n\t\t\t\t<div class=\"elementor-post__excerpt\">\n\t\t\t<p>Pissouri Villas are designed and equipped for both holiday homes and permanent residences. The spacious gardens at each villa will allow you to plan a private swimming pool, as well as a place to gather with loved ones. The interiors have been designed with traditional Mediterranean architecture in mind.<\/p>\n\t\t<\/div>\n\t\t\n\t\t<a class=\"elementor-post__read-more\" href=\"https:\/\/acropolishomes.pl\/en\/pissouri-villas\/\" aria-label=\"Read more about Pissouri Villas\" tabindex=\"-1\" >\n\t\t\tView offer \u00bb\t\t<\/a>\n\n\t\t\t\t<\/div>\n\t\t\t\t\t<\/div>\n\t\t<\/article>\n\t\t\t\t<article class=\"elementor-post elementor-grid-item post-1742 post type-post status-publish format-standard has-post-thumbnail hentry category-cypr category-limassol\">\n\t\t\t<div class=\"elementor-post__card\">\n\t\t\t\t<a class=\"elementor-post__thumbnail__link\" href=\"https:\/\/acropolishomes.pl\/en\/limassol-blu-marine\/\" tabindex=\"-1\" ><div class=\"elementor-post__thumbnail\"><img decoding=\"async\" width=\"2200\" height=\"1692\" src=\"https:\/\/acropolishomes.pl\/wp-content\/uploads\/2023\/03\/Acropolis-Homes-Limassol-Blu-Marine-Biuro-Nieruchomosci-Zdjecie-Nieruchomosci-Apartamentowiec-2.webp\" class=\"attachment-full size-full wp-image-1758\" alt=\"Acropolis Homes - Limassol Blu Marine - Real Estate Agency - Property Photo - Apartment building\" srcset=\"https:\/\/acropolishomes.pl\/wp-content\/uploads\/2023\/03\/Acropolis-Homes-Limassol-Blu-Marine-Biuro-Nieruchomosci-Zdjecie-Nieruchomosci-Apartamentowiec-2.webp 2200w, https:\/\/acropolishomes.pl\/wp-content\/uploads\/2023\/03\/Acropolis-Homes-Limassol-Blu-Marine-Biuro-Nieruchomosci-Zdjecie-Nieruchomosci-Apartamentowiec-2-300x231.webp 300w, https:\/\/acropolishomes.pl\/wp-content\/uploads\/2023\/03\/Acropolis-Homes-Limassol-Blu-Marine-Biuro-Nieruchomosci-Zdjecie-Nieruchomosci-Apartamentowiec-2-1024x788.webp 1024w, https:\/\/acropolishomes.pl\/wp-content\/uploads\/2023\/03\/Acropolis-Homes-Limassol-Blu-Marine-Biuro-Nieruchomosci-Zdjecie-Nieruchomosci-Apartamentowiec-2-768x591.webp 768w, https:\/\/acropolishomes.pl\/wp-content\/uploads\/2023\/03\/Acropolis-Homes-Limassol-Blu-Marine-Biuro-Nieruchomosci-Zdjecie-Nieruchomosci-Apartamentowiec-2-1536x1181.webp 1536w, https:\/\/acropolishomes.pl\/wp-content\/uploads\/2023\/03\/Acropolis-Homes-Limassol-Blu-Marine-Biuro-Nieruchomosci-Zdjecie-Nieruchomosci-Apartamentowiec-2-2048x1575.webp 2048w\" sizes=\"(max-width: 2200px) 100vw, 2200px\" \/><\/div><\/a>\n\t\t\t\t<div class=\"elementor-post__badge\">Cyprus<\/div>\n\t\t\t\t<div class=\"elementor-post__text\">\n\t\t\t\t<h4 class=\"elementor-post__title\">\n\t\t\t<a href=\"https:\/\/acropolishomes.pl\/en\/limassol-blu-marine\/\" >\n\t\t\t\tLimassol Blu Marine\t\t\t<\/a>\n\t\t<\/h4>\n\t\t\t\t<div class=\"elementor-post__excerpt\">\n\t\t\t<p>Limassol Blu Marine is a state-of-the-art residential development in the heart of the coastline of dynamic Limassol. The development was designed by world-renowned British architects and engineers, Benoy and BurroHapold. Each of the luxury flats has a unique view of the Mediterranean Sea.<\/p>\n\t\t<\/div>\n\t\t\n\t\t<a class=\"elementor-post__read-more\" href=\"https:\/\/acropolishomes.pl\/en\/limassol-blu-marine\/\" aria-label=\"Read more about Limassol Blu Marine\" tabindex=\"-1\" >\n\t\t\tView offer \u00bb\t\t<\/a>\n\n\t\t\t\t<\/div>\n\t\t\t\t\t<\/div>\n\t\t<\/article>\n\t\t\t\t<article class=\"elementor-post elementor-grid-item post-1057 post type-post status-publish format-standard has-post-thumbnail hentry category-cypr category-limassol\">\n\t\t\t<div class=\"elementor-post__card\">\n\t\t\t\t<a class=\"elementor-post__thumbnail__link\" href=\"https:\/\/acropolishomes.pl\/en\/limassol-park\/\" tabindex=\"-1\" ><div class=\"elementor-post__thumbnail\"><img loading=\"lazy\" decoding=\"async\" width=\"2500\" height=\"1672\" src=\"https:\/\/acropolishomes.pl\/wp-content\/uploads\/2023\/02\/Acropolis-Homes-Limassol-Park-Biuro-Nieruchomosci-Zdjecie-Nieruchomosci-Taras.webp\" class=\"attachment-full size-full wp-image-1277\" alt=\"Acropolis Homes - Limassol Park - Real Estate Agency - Property Photo - Terrace\" srcset=\"https:\/\/acropolishomes.pl\/wp-content\/uploads\/2023\/02\/Acropolis-Homes-Limassol-Park-Biuro-Nieruchomosci-Zdjecie-Nieruchomosci-Taras.webp 2500w, https:\/\/acropolishomes.pl\/wp-content\/uploads\/2023\/02\/Acropolis-Homes-Limassol-Park-Biuro-Nieruchomosci-Zdjecie-Nieruchomosci-Taras-300x201.webp 300w, https:\/\/acropolishomes.pl\/wp-content\/uploads\/2023\/02\/Acropolis-Homes-Limassol-Park-Biuro-Nieruchomosci-Zdjecie-Nieruchomosci-Taras-1024x685.webp 1024w, https:\/\/acropolishomes.pl\/wp-content\/uploads\/2023\/02\/Acropolis-Homes-Limassol-Park-Biuro-Nieruchomosci-Zdjecie-Nieruchomosci-Taras-768x514.webp 768w, https:\/\/acropolishomes.pl\/wp-content\/uploads\/2023\/02\/Acropolis-Homes-Limassol-Park-Biuro-Nieruchomosci-Zdjecie-Nieruchomosci-Taras-1536x1027.webp 1536w, https:\/\/acropolishomes.pl\/wp-content\/uploads\/2023\/02\/Acropolis-Homes-Limassol-Park-Biuro-Nieruchomosci-Zdjecie-Nieruchomosci-Taras-2048x1370.webp 2048w\" sizes=\"(max-width: 2500px) 100vw, 2500px\" \/><\/div><\/a>\n\t\t\t\t<div class=\"elementor-post__badge\">Cyprus<\/div>\n\t\t\t\t<div class=\"elementor-post__text\">\n\t\t\t\t<h4 class=\"elementor-post__title\">\n\t\t\t<a href=\"https:\/\/acropolishomes.pl\/en\/limassol-park\/\" >\n\t\t\t\tLimassol Park\t\t\t<\/a>\n\t\t<\/h4>\n\t\t\t\t<div class=\"elementor-post__excerpt\">\n\t\t\t<p>Limassol Park is surrounded by green spaces, making its location the perfect compromise between being located around nature and an excellent transport point with all the amenities of the city.<\/p>\n\t\t<\/div>\n\t\t\n\t\t<a class=\"elementor-post__read-more\" href=\"https:\/\/acropolishomes.pl\/en\/limassol-park\/\" aria-label=\"Read more about Limassol Park\" tabindex=\"-1\" >\n\t\t\tView offer \u00bb\t\t<\/a>\n\n\t\t\t\t<\/div>\n\t\t\t\t\t<\/div>\n\t\t<\/article>\n\t\t\t\t<\/div>\n\t\t\t\t\t<span class=\"e-load-more-spinner\">\n\t\t\t\t<svg aria-hidden=\"true\" class=\"e-font-icon-svg e-fas-spinner\" viewbox=\"0 0 512 512\" xmlns=\"http:\/\/www.w3.org\/2000\/svg\"><path d=\"M304 48c0 26.51-21.49 48-48 48s-48-21.49-48-48 21.49-48 48-48 48 21.49 48 48zm-48 368c-26.51 0-48 21.49-48 48s21.49 48 48 48 48-21.49 48-48-21.49-48-48-48zm208-208c-26.51 0-48 21.49-48 48s21.49 48 48 48 48-21.49 48-48-21.49-48-48-48zM96 256c0-26.51-21.49-48-48-48S0 229.49 0 256s21.49 48 48 48 48-21.49 48-48zm12.922 99.078c-26.51 0-48 21.49-48 48s21.49 48 48 48 48-21.49 48-48c0-26.509-21.491-48-48-48zm294.156 0c-26.51 0-48 21.49-48 48s21.49 48 48 48 48-21.49 48-48c0-26.509-21.49-48-48-48zM108.922 60.922c-26.51 0-48 21.49-48 48s21.49 48 48 48 48-21.49 48-48-21.491-48-48-48z\"><\/path><\/svg>\t\t\t<\/span>\n\t\t\n\t\t\t\t<div class=\"e-load-more-anchor\" data-page=\"1\" data-max-page=\"2\" data-next-page=\"https:\/\/acropolishomes.pl\/en\/wp-json\/wp\/v2\/pages\/1464\/page\/2\/\"><\/div>\n\t\t\t\t<div class=\"elementor-button-wrapper\">\n\t\t\t<a href=\"#\" class=\"elementor-button-link elementor-button\" role=\"button\">\n\t\t\t\t\t\t<span class=\"elementor-button-content-wrapper\">\n\t\t\t\t\t\t\t\t\t<span class=\"elementor-button-text\">More offers<\/span>\n\t\t\t\t\t<\/span>\n\t\t\t\t\t<\/a>\n\t\t<\/div>\n\t\t\t\t<div class=\"e-load-more-message\">No more offers<\/div>\n\t\t\t\t\t\t<\/div>\n\t\t\t\t<\/div>\n\t\t\t\t<\/div>\n\t\t\t\t\t<\/div>\n\t\t\t\t<\/div>\n\t\t<div class=\"elementor-element elementor-element-d9c1a0a e-flex e-con-boxed e-con e-parent\" data-id=\"d9c1a0a\" data-element_type=\"container\" data-settings=\"{&quot;background_background&quot;:&quot;classic&quot;}\">\n\t\t\t\t\t<div class=\"e-con-inner\">\n\t\t<div class=\"elementor-element elementor-element-17357c3 e-con-full e-flex e-con e-child\" data-id=\"17357c3\" data-element_type=\"container\">\n\t\t\t\t<div class=\"elementor-element elementor-element-a35fd95 elementor-widget elementor-widget-heading\" data-id=\"a35fd95\" data-element_type=\"widget\" data-widget_type=\"heading.default\">\n\t\t\t\t\t<h2 class=\"elementor-heading-title elementor-size-default\">Looking for something else?<\/h2>\t\t\t\t<\/div>\n\t\t\t\t<div class=\"elementor-element elementor-element-a3b98a1 elementor-align-center elementor-widget elementor-widget-button\" data-id=\"a3b98a1\" data-element_type=\"widget\" data-widget_type=\"button.default\">\n\t\t\t\t\t\t\t\t\t\t<a class=\"elementor-button elementor-button-link elementor-size-sm\" href=\"#elementor-action:action=popup:open&settings=eyJpZCI6Ijc2NiIsInRvZ2dsZSI6ZmFsc2V9\">\n\t\t\t\t\t\t<span class=\"elementor-button-content-wrapper\">\n\t\t\t\t\t\t\t\t\t<span class=\"elementor-button-text\">Contact us<\/span>\n\t\t\t\t\t<\/span>\n\t\t\t\t\t<\/a>\n\t\t\t\t\t\t\t\t<\/div>\n\t\t\t\t<\/div>\n\t\t\t\t\t<\/div>\n\t\t\t\t<\/div>\n\t\t\t\t<\/div>","protected":false},"excerpt":{"rendered":"<p>Nieruchomo\u015bci w Limassol Szukasz czego\u015b innego? Skontaktuj si\u0119 z nami<\/p>","protected":false},"author":1,"featured_media":0,"parent":1449,"menu_order":0,"comment_status":"closed","ping_status":"closed","template":"","meta":{"site-sidebar-layout":"no-sidebar","site-content-layout":"page-builder","ast-site-content-layout":"default","site-content-style":"default","site-sidebar-style":"default","ast-global-header-display":"","ast-banner-title-visibility":"","ast-main-header-display":"","ast-hfb-above-header-display":"","ast-hfb-below-header-display":"","ast-hfb-mobile-header-display":"","site-post-title":"disabled","ast-breadcrumbs-content":"","ast-featured-img":"disabled","footer-sml-layout":"","ast-disable-related-posts":"","theme-transparent-header-meta":"enabled","adv-header-id-meta":"","stick-header-meta":"","header-above-stick-meta":"","header-main-stick-meta":"","header-below-stick-meta":"","astra-migrate-meta-layouts":"default","ast-page-background-enabled":"default","ast-page-background-meta":{"desktop":{"background-color":"","background-image":"","background-repeat":"repeat","background-position":"center center","background-size":"auto","background-attachment":"scroll","background-type":"","background-media":"","overlay-type":"","overlay-color":"","overlay-opacity":"","overlay-gradient":""},"tablet":{"background-color":"","background-image":"","background-repeat":"repeat","background-position":"center center","background-size":"auto","background-attachment":"scroll","background-type":"","background-media":"","overlay-type":"","overlay-color":"","overlay-opacity":"","overlay-gradient":""},"mobile":{"background-color":"","background-image":"","background-repeat":"repeat","background-position":"center center","background-size":"auto","background-attachment":"scroll","background-type":"","background-media":"","overlay-type":"","overlay-color":"","overlay-opacity":"","overlay-gradient":""}},"ast-content-background-meta":{"desktop":{"background-color":"var(--ast-global-color-5)","background-image":"","background-repeat":"repeat","background-position":"center center","background-size":"auto","background-attachment":"scroll","background-type":"","background-media":"","overlay-type":"","overlay-color":"","overlay-opacity":"","overlay-gradient":""},"tablet":{"background-color":"var(--ast-global-color-5)","background-image":"","background-repeat":"repeat","background-position":"center center","background-size":"auto","background-attachment":"scroll","background-type":"","background-media":"","overlay-type":"","overlay-color":"","overlay-opacity":"","overlay-gradient":""},"mobile":{"background-color":"var(--ast-global-color-5)","background-image":"","background-repeat":"repeat","background-position":"center center","background-size":"auto","background-attachment":"scroll","background-type":"","background-media":"","overlay-type":"","overlay-color":"","overlay-opacity":"","overlay-gradient":""}},"footnotes":""},"class_list":["post-1464","page","type-page","status-publish","hentry"],"_links":{"self":[{"href":"https:\/\/acropolishomes.pl\/en\/wp-json\/wp\/v2\/pages\/1464","targetHints":{"allow":["GET"]}}],"collection":[{"href":"https:\/\/acropolishomes.pl\/en\/wp-json\/wp\/v2\/pages"}],"about":[{"href":"https:\/\/acropolishomes.pl\/en\/wp-json\/wp\/v2\/types\/page"}],"author":[{"embeddable":true,"href":"https:\/\/acropolishomes.pl\/en\/wp-json\/wp\/v2\/users\/1"}],"replies":[{"embeddable":true,"href":"https:\/\/acropolishomes.pl\/en\/wp-json\/wp\/v2\/comments?post=1464"}],"version-history":[{"count":0,"href":"https:\/\/acropolishomes.pl\/en\/wp-json\/wp\/v2\/pages\/1464\/revisions"}],"up":[{"embeddable":true,"href":"https:\/\/acropolishomes.pl\/en\/wp-json\/wp\/v2\/pages\/1449"}],"wp:attachment":[{"href":"https:\/\/acropolishomes.pl\/en\/wp-json\/wp\/v2\/media?parent=1464"}],"curies":[{"name":"wp","href":"https:\/\/api.w.org\/{rel}","templated":true}]}}